{"id":1158,"date":"2023-08-16T13:00:05","date_gmt":"2023-08-16T13:00:05","guid":{"rendered":"https:\/\/stage.inchiriere-rulota.ro\/?page_id=1158"},"modified":"2025-06-09T20:23:13","modified_gmt":"2025-06-09T20:23:13","slug":"rezervare-confirmata","status":"publish","type":"page","link":"https:\/\/stage.inchiriere-rulota.ro\/hu\/rezervare-confirmata\/","title":{"rendered":"Foglal\u00e1s meger\u0151s\u00edtve"},"content":{"rendered":"\t\t<div data-elementor-type=\"wp-page\" data-elementor-id=\"1158\" class=\"elementor elementor-1158\" data-elementor-post-type=\"page\">\n\t\t\t\t<div class=\"elementor-element elementor-element-e51ffed e-flex e-con-boxed e-con e-parent\" data-id=\"e51ffed\" data-element_type=\"container\" data-e-type=\"container\">\n\t\t\t\t\t<div class=\"e-con-inner\">\n\t\t\t\t<div class=\"elementor-element elementor-element-1bd84b35 elementor-widget elementor-widget-heading\" data-id=\"1bd84b35\" data-element_type=\"widget\" data-e-type=\"widget\" data-widget_type=\"heading.default\">\n\t\t\t\t<div class=\"elementor-widget-container\">\n\t\t\t\t\t<h2 class=\"elementor-heading-title elementor-size-default\">Rezervare confirmat\u0103<\/h2>\t\t\t\t<\/div>\n\t\t\t\t<\/div>\n\t\t\t\t<div class=\"elementor-element elementor-element-efb804d elementor-view-default elementor-widget elementor-widget-icon\" data-id=\"efb804d\" data-element_type=\"widget\" data-e-type=\"widget\" data-widget_type=\"icon.default\">\n\t\t\t\t<div class=\"elementor-widget-container\">\n\t\t\t\t\t\t\t<div class=\"elementor-icon-wrapper\">\n\t\t\t<div class=\"elementor-icon\">\n\t\t\t<i aria-hidden=\"true\" class=\"far fa-check-circle\"><\/i>\t\t\t<\/div>\n\t\t<\/div>\n\t\t\t\t\t\t<\/div>\n\t\t\t\t<\/div>\n\t\t\t\t<div class=\"elementor-element elementor-element-a17f9f1 elementor-widget__width-initial elementor-widget elementor-widget-text-editor\" data-id=\"a17f9f1\" data-element_type=\"widget\" data-e-type=\"widget\" data-widget_type=\"text-editor.default\">\n\t\t\t\t<div class=\"elementor-widget-container\">\n\t\t\t\t\t\t\t\t\t<p>\u00cen c\u00e2teva minute vei primi un email cu toate detaliile rezerv\u0103rii tale.<\/p><p>Te rug\u0103m s\u0103 \u021bii cont c\u0103 <b>rezervarea este considerat\u0103 ferm\u0103 numai dup\u0103 ce a fost efectuat\u0103 plata serviciilor<\/b> alese.<\/p><p>Dac\u0103 ai ales s\u0103 pl\u0103te\u0219ti <b>prin\u00a0transfer bancar, te rug\u0103m s\u0103 efectuezi plata \u00een termen de maxim 48 de ore<\/b> \u00een contul de mai jos:<\/p><p>Cont IBAN:\u00a0<b>RO29BTRLRONCRT0V08005001<\/b><\/p><p>deschis la Banca Transilvania<\/p><p>Titular cont:\u00a0<b>SC INDUSTRIAL TIRES CENTER SRL<\/b><\/p><p>Nu uita<b> s\u0103 men\u021bionezi la detaliile de plat\u0103 num\u0103rul rezerv\u0103rii<\/b>, pentru o identificare u\u0219oar\u0103!<\/p><p>Dac\u0103 ai ales op\u021biunea de pl\u0103\u021bi par\u021biale \u0219i pl\u0103te\u0219ti acum doar\u00a0avansul, <b>nu uita c\u0103\u00a0diferen\u021ba (70% din valoarea rezerv\u0103rii) trebuie pl\u0103tit\u0103 cu cel mult 60 de zile \u00eenainte de \u00eenceputul rezerv\u0103rii<\/b>.<\/p><p>De asemenea, \u00ee\u021bi reamintim c\u0103\u00a0<b>cel t\u00e2rziu cu 15 zile \u00eenainte de \u00eenceputul rezerv\u0103rii\u00a0trebuie constituit\u0103 garan\u021bia, \u00een valoare de\u00a02.000 lei<\/b>, pe care \u021bi-o vom restitui dup\u0103 returnarea rulotei.<\/p>\t\t\t\t\t\t\t\t<\/div>\n\t\t\t\t<\/div>\n\t\t\t\t\t<\/div>\n\t\t\t\t<\/div>\n\t\t<div class=\"elementor-element elementor-element-c12d3d1 e-flex e-con-boxed e-con e-parent\" data-id=\"c12d3d1\" data-element_type=\"container\" data-e-type=\"container\">\n\t\t\t\t\t<div class=\"e-con-inner\">\n\t\t\t\t<div class=\"elementor-element elementor-element-135fa0e elementor-widget elementor-widget-html\" data-id=\"135fa0e\" data-element_type=\"widget\" data-e-type=\"widget\" data-widget_type=\"html.default\">\n\t\t\t\t<div class=\"elementor-widget-container\">\n\t\t\t\t\t<script>\r\n  gtag('event', 'purchase', {\r\n    transaction_id: '{Booking ID Prefixed}',\r\n    currency: 'RON',\r\n    value: {Total Amount Unformatted},\r\n    items: [{\r\n      item_name: 'Rezervare',\r\n      price: {Total Amount Unformatted}\r\n    }]\r\n  });\r\n<\/script>\r\n\t\t\t\t<\/div>\n\t\t\t\t<\/div>\n\t\t\t\t\t<\/div>\n\t\t\t\t<\/div>\n\t\t\t\t<\/div>\n\t\t","protected":false},"excerpt":{"rendered":"<p>Rezervare confirmat\u0103 \u00cen c\u00e2teva minute vei primi un email cu toate detaliile rezerv\u0103rii tale. Te rug\u0103m s\u0103 \u021bii cont c\u0103 rezervarea este considerat\u0103 ferm\u0103 numai dup\u0103 ce a fost efectuat\u0103 plata serviciilor alese. Dac\u0103 ai ales s\u0103 pl\u0103te\u0219ti prin\u00a0transfer bancar, te rug\u0103m s\u0103 efectuezi plata \u00een termen de maxim 48 de ore \u00een contul de&hellip; <a class=\"more-link\" href=\"https:\/\/stage.inchiriere-rulota.ro\/hu\/rezervare-confirmata\/\"><span class=\"screen-reader-text\">Foglal\u00e1s meger\u0151s\u00edtve<\/span> olvas\u00e1s\u00e1nak folytat\u00e1sa<\/a><\/p>","protected":false},"author":1,"featured_media":0,"parent":0,"menu_order":0,"comment_status":"closed","ping_status":"closed","template":"elementor_header_footer","meta":{"_acf_changed":false,"footnotes":""},"class_list":["post-1158","page","type-page","status-publish","hentry","entry"],"acf":[],"_links":{"self":[{"href":"https:\/\/stage.inchiriere-rulota.ro\/hu\/wp-json\/wp\/v2\/pages\/1158","targetHints":{"allow":["GET"]}}],"collection":[{"href":"https:\/\/stage.inchiriere-rulota.ro\/hu\/wp-json\/wp\/v2\/pages"}],"about":[{"href":"https:\/\/stage.inchiriere-rulota.ro\/hu\/wp-json\/wp\/v2\/types\/page"}],"author":[{"embeddable":true,"href":"https:\/\/stage.inchiriere-rulota.ro\/hu\/wp-json\/wp\/v2\/users\/1"}],"replies":[{"embeddable":true,"href":"https:\/\/stage.inchiriere-rulota.ro\/hu\/wp-json\/wp\/v2\/comments?post=1158"}],"version-history":[{"count":3,"href":"https:\/\/stage.inchiriere-rulota.ro\/hu\/wp-json\/wp\/v2\/pages\/1158\/revisions"}],"predecessor-version":[{"id":1905,"href":"https:\/\/stage.inchiriere-rulota.ro\/hu\/wp-json\/wp\/v2\/pages\/1158\/revisions\/1905"}],"wp:attachment":[{"href":"https:\/\/stage.inchiriere-rulota.ro\/hu\/wp-json\/wp\/v2\/media?parent=1158"}],"curies":[{"name":"wp","href":"https:\/\/api.w.org\/{rel}","templated":true}]}}