{"id":3,"date":"2023-06-26T19:00:10","date_gmt":"2023-06-26T19:00:10","guid":{"rendered":"https:\/\/rv.polarmedia.ro\/?page_id=3"},"modified":"2023-09-05T15:57:41","modified_gmt":"2023-09-05T15:57:41","slug":"politica-de-confidentialitate","status":"publish","type":"page","link":"https:\/\/stage.inchiriere-rulota.ro\/hu\/politica-de-confidentialitate\/","title":{"rendered":"Adatv\u00e9delmi nyilatkozat"},"content":{"rendered":"<div data-elementor-type=\"wp-page\" data-elementor-id=\"3\" class=\"elementor elementor-3\" data-elementor-post-type=\"page\">\n\t\t\t\t\t\t<section class=\"elementor-section elementor-top-section elementor-element elementor-element-4ed71131 elementor-section-boxed elementor-section-height-default elementor-section-height-default\" data-id=\"4ed71131\" data-element_type=\"section\" data-e-type=\"section\">\n\t\t\t\t\t\t<div class=\"elementor-container elementor-column-gap-default\">\n\t\t\t\t\t<div class=\"elementor-column elementor-col-100 elementor-top-column elementor-element elementor-element-6160c146\" data-id=\"6160c146\" data-element_type=\"column\" data-e-type=\"column\">\n\t\t\t<div class=\"elementor-widget-wrap elementor-element-populated\">\n\t\t\t\t\t\t<div class=\"elementor-element elementor-element-b7b2172 elementor-widget elementor-widget-heading\" data-id=\"b7b2172\" data-element_type=\"widget\" data-e-type=\"widget\" data-widget_type=\"heading.default\">\n\t\t\t\t<div class=\"elementor-widget-container\">\n\t\t\t\t\t<h2 class=\"elementor-heading-title elementor-size-default\">Adatv\u00e9delmi nyilatkozat<\/h2>\t\t\t\t<\/div>\n\t\t\t\t<\/div>\n\t\t\t\t<div class=\"elementor-element elementor-element-2c6b0eb1 elementor-widget elementor-widget-text-editor\" data-id=\"2c6b0eb1\" data-element_type=\"widget\" data-e-type=\"widget\" data-widget_type=\"text-editor.default\">\n\t\t\t\t<div class=\"elementor-widget-container\">\n\t\t\t\t\t\t\t\t\t<p><\/p>\n<p><b>I. \u00c1ltal\u00e1nos inform\u00e1ci\u00f3k<\/b><\/p>\n<p><br>Az \u00d6n szem\u00e9lyes adatok v\u00e9delme az SC INDUSTRIAL TIRES CENTER SRL, sz\u00e9khelye: Dealu, str. Principal\u0103 nr. 192, Hargita megye f\u0151 gondja k\u00f6z\u00e9 tartozik.<\/p>\n<p>&nbsp;<\/p>\n<p>Ez a dokumentum c\u00e9lja, hogy t\u00e1j\u00e9koztasson \u00d6nt szem\u00e9lyes adatainak kezel\u00e9s\u00e9r\u0151l az www.inchiriere-rulota.ro weboldal (a \"Weboldal\") haszn\u00e1lata sor\u00e1n.<\/p>\n<p>&nbsp;<\/p>\n<p><b>II. Az el\u0151feldolgozott szem\u00e9lyes adatok kateg\u00f3ri\u00e1i<\/b><\/p>\n<p>&nbsp;<\/p>\n<p>II.1. Ha \u00d6n a weboldal \u00fcgyfele, az SC INDUSTRIAL TIRES CENTER SRL szem\u00e9lyes adatokat fog feldolgozni, p\u00e9ld\u00e1ul n\u00e9v \u00e9s vezet\u00e9kn\u00e9v, telefonsz\u00e1m, e-mail c\u00edm, sz\u00e1ml\u00e1z\u00e1si c\u00edm, sz\u00e1ll\u00edt\u00e1si c\u00edm, az \u00d6n Site-on val\u00f3 haszn\u00e1lat\u00e1ra vonatkoz\u00f3 adatok, p\u00e9ld\u00e1ul viselked\u00e9si \/ preferencia \/ szok\u00e1sai az SC INDUSTRIAL TIRES CENTER SRL keret\u00e9ben, valamint b\u00e1rmilyen m\u00e1s adatkateg\u00f3ri\u00e1k, amelyeket k\u00f6zvetlen\u00fcl megad a felhaszn\u00e1l\u00f3i fi\u00f3k l\u00e9trehoz\u00e1s\u00e1hoz, az oldalon t\u00f6rt\u00e9n\u0151 rendel\u00e9s lead\u00e1s\u00e1hoz vagy b\u00e1rmilyen m\u00e1s m\u00f3don, amely a weboldal haszn\u00e1lat\u00e1b\u00f3l ered.<\/p>\n<p>Abban az esetben, ha csak a kezel\u00e9si id\u0151pont megtervez\u00e9se vagy az el\u00e9rhet\u0151 szolg\u00e1ltat\u00e1sok megrendel\u00e9se el\u0151tt hoz l\u00e9tre felhaszn\u00e1l\u00f3i fi\u00f3kot a weboldalon, k\u00e9rni fogjuk az \u00d6n e-mail c\u00edm\u00e9t, amely alapj\u00e1n automatikusan l\u00e9trej\u00f6n egy fi\u00f3k. Ha nem fejezi be a megrendel\u00e9st, az SC INDUSTRIAL TIRES CENTER SRL nem t\u00e1rolja az e-mail c\u00edmet \u00e9s az egy\u00e9b szolg\u00e1ltatott adatokat, \u00e9s az automatikusan l\u00e9trej\u00f6tt fi\u00f3k t\u00f6rl\u00e9sre ker\u00fcl.<\/p>\n<p>&nbsp;<\/p>\n<p>II.2. Ha \u00d6n a weboldal l\u00e1togat\u00f3ja, az SC INDUSTRIAL TIRES CENTER SRL kezeli az \u00d6n szem\u00e9lyes adatait, amelyeket k\u00f6zvetlen\u00fcl megad a weboldal haszn\u00e1lata sor\u00e1n, p\u00e9ld\u00e1ul az el\u00e9rhet\u0151s\u00e9gi \u0171rlapon megadott adatokat, ha \u00edgy l\u00e9p kapcsolatba vel\u00fcnk.<\/p>\n<p>&nbsp;<\/p>\n<p><b>III. C\u00e9l \u00e9s adatkezel\u00e9si alapok<\/b><\/p>\n<p>&nbsp;<\/p>\n<p>III.1. Ha a Site felhaszn\u00e1l\u00f3ja vagy, a SC INDUSTRIAL TIRES CENTER SRL az \u00d6n szem\u00e9lyes adatait az al\u00e1bbi m\u00f3don kezeli:<\/p>\n<p class=\"translation-block\">- Az \u00d6n \u00e9s a SC INDUSTRIAL TIRES CENTER SRL k\u00f6z\u00f6tti szerz\u0151d\u00e9ses kapcsolat v\u00e9grehajt\u00e1sa \u00e9rdek\u00e9ben, p\u00e9ld\u00e1ul a Site-on leadott rendel\u00e9s \u00e1tv\u00e9tele, \u00e9rv\u00e9nyes\u00edt\u00e9se \u00e9s sz\u00e1ml\u00e1z\u00e1sa, a rendel\u00e9s \u00e1llapot\u00e1nak t\u00e1j\u00e9koztat\u00e1sa, a megrendelt szolg\u00e1ltat\u00e1sok szervez\u00e9se stb.<br>Tev\u00e9kenys\u00e9g jogalapja: Az \u00d6n szem\u00e9lyes adatainak kezel\u00e9se ezen c\u00e9lb\u00f3l az \u00d6n \u00e9s a SC INDUSTRIAL TIRES CENTER SRL k\u00f6z\u00f6tt megk\u00f6t\u00f6tt szerz\u0151d\u00e9s alapj\u00e1n t\u00f6rt\u00e9nik, amely a Felhaszn\u00e1l\u00e1si Felt\u00e9telekben van meghat\u00e1rozva. A szem\u00e9lyes adatok megad\u00e1sa sz\u00fcks\u00e9ges ezen szerz\u0151d\u00e9s teljes\u00edt\u00e9se \u00e9rdek\u00e9ben. Az adatok megtagad\u00e1sa lehetetlenn\u00e9 teheti az \u00d6n \u00e9s a SC INDUSTRIAL TIRES CENTER SRL k\u00f6z\u00f6tti szerz\u0151d\u00e9ses kapcsolat lebonyol\u00edt\u00e1s\u00e1t.<\/p>\n<p>- Az SC INDUSTRIAL TIRES CENTER SRL-nek az \u00d6n szem\u00e9lyes adatait a Site-on kereszt\u00fcl ny\u00fajtott szolg\u00e1ltat\u00e1sokkal kapcsolatos k\u00f6telezetts\u00e9geinek teljes\u00edt\u00e9se \u00e9rdek\u00e9ben, ide\u00e9rtve az ad\u00f3z\u00e1ssal \u00e9s az archiv\u00e1l\u00e1ssal kapcsolatos k\u00f6telezetts\u00e9geket is.<\/p>\n<p>Kivitelez\u00e9si alap: Az \u00d6n szem\u00e9lyes adatainak feldolgoz\u00e1sa e c\u00e9l \u00e9rdek\u00e9ben jogszab\u00e1lyi k\u00f6telezetts\u00e9gek alapj\u00e1n sz\u00fcks\u00e9ges. Az adatok megad\u00e1sa e c\u00e9lb\u00f3l sz\u00fcks\u00e9ges. Az adatok megad\u00e1s\u00e1nak megtagad\u00e1sa eredm\u00e9nyezheti az SC INDUSTRIAL TIRES CENTER SRL sz\u00e1m\u00e1ra az \u00d6nre vonatkoz\u00f3 jogszab\u00e1lyi k\u00f6telezetts\u00e9gek teljes\u00edt\u00e9s\u00e9nek k\u00e9ptelens\u00e9g\u00e9t, \u00e9s \u00edgy az Site-on kereszt\u00fcl ny\u00fajtott szolg\u00e1ltat\u00e1sok biztos\u00edt\u00e1s\u00e1nak k\u00e9ptelens\u00e9g\u00e9t.<\/p>\n<p>Marketing tev\u00e9kenys\u00e9gekhez, k\u00fcl\u00f6n\u00f6sen a SC INDUSTRIAL TIRES CENTER SRL \u00e1ltal k\u00edn\u00e1lt term\u00e9kekr\u0151l \u00e9s szolg\u00e1ltat\u00e1sokr\u00f3l sz\u00f3l\u00f3 kereskedelmi kommunik\u00e1ci\u00f3k k\u00fcld\u00e9se c\u00e9lj\u00e1b\u00f3l az elektronikus t\u00e1vk\u00f6zl\u00e9si eszk\u00f6z\u00f6k\u00f6n kereszt\u00fcl (e-mail, sms) a weboldal haszn\u00e1lat\u00e1val \u00f6sszef\u00fcgg\u00e9sben.<\/p>\n<p class=\"translation-block\">Tev\u00e9kenys\u00e9g jogalapja: Az \u00d6n szem\u00e9lyes adatainak kezel\u00e9se e c\u00e9lb\u00f3l az \u00d6n kifejezett hozz\u00e1j\u00e1rul\u00e1s\u00e1n alapul, amennyiben \u00fagy d\u00f6nt, hogy megadja azt.<br>A hozz\u00e1j\u00e1rul\u00e1s\u00e1t adatai e c\u00e9lb\u00f3l t\u00f6rt\u00e9n\u0151 kezel\u00e9s\u00e9hez a fi\u00f3k l\u00e9trehoz\u00e1sakor megadhatja az ahhoz tartoz\u00f3 jel\u00f6l\u0151n\u00e9gyzet bejel\u00f6l\u00e9s\u00e9vel, vagy a fi\u00f3k l\u00e9trehoz\u00e1sa ut\u00e1n, a \"Saj\u00e1t fi\u00f3k inform\u00e1ci\u00f3i\" szekci\u00f3ban. Az ilyen kereskedelmi kommunik\u00e1ci\u00f3k fogad\u00e1s\u00e1t\u00f3l val\u00f3 leiratkoz\u00e1s c\u00e9lj\u00e1b\u00f3l haszn\u00e1lhatja a kapott e-mailek\/sms-ek v\u00e9g\u00e9n tal\u00e1lhat\u00f3 \"leiratkoz\u00e1s\" lehet\u0151s\u00e9get. Emellett leiratkozhat a \"Saj\u00e1t fi\u00f3k inform\u00e1ci\u00f3i\" szekci\u00f3ban is.<\/p>\n<p>Az adatok \u00f6nk\u00e9ntes megad\u00e1sa c\u00e9lunk ezen tev\u00e9kenys\u00e9gekhez. Az \u00d6n hozz\u00e1j\u00e1rul\u00e1s\u00e1nak megtagad\u00e1sa az adatok kezel\u00e9s\u00e9hez e c\u00e9lb\u00f3l nem j\u00e1r negat\u00edv k\u00f6vetkezm\u00e9nyekkel az \u00d6n sz\u00e1m\u00e1ra.<\/p>\n<p>- A weboldal m\u0171k\u00f6d\u00e9s\u00e9vel kapcsolatos k\u00fcl\u00f6nb\u00f6z\u0151 elemz\u00e9sek \u00e9s riportok k\u00e9sz\u00edt\u00e9se, fogyaszt\u00f3i preferenci\u00e1k profilok kialak\u00edt\u00e1sa, f\u0151k\u00e9nt a weboldalon ny\u00fajtott \u00e9lm\u00e9ny jav\u00edt\u00e1sa c\u00e9lj\u00e1b\u00f3l.<\/p>\n<p>T\u00e9ves: Az \u00d6n szem\u00e9lyes adatainak feldolgoz\u00e1sa e c\u00e9lb\u00f3l az SC INDUSTRIAL TIRES CENTER SRL jogos \u00e9rdekeken alapul, hogy folyamatosan jav\u00edtsa az \u00fcgyfelek \u00e9lm\u00e9ny\u00e9t a weboldalon. Az adatok \u00f6nk\u00e9ntes megad\u00e1sa erre a c\u00e9lra t\u00f6rt\u00e9nik. Az adatok megtagad\u00e1sa e c\u00e9lb\u00f3l nem fog negat\u00edv k\u00f6vetkezm\u00e9nyekkel j\u00e1rni \u00d6nre n\u00e9zve.<\/p>\n<p>&nbsp;<\/p>\n<p>III.2. Ha az oldal l\u00e1togat\u00f3ja, az SC INDUSTRIAL TIRES CENTER SRL az \u00d6n szem\u00e9lyes adatait az al\u00e1bbiak szerint dolgozza fel:<\/p>\n<p>- marketingtev\u00e9kenys\u00e9gek c\u00e9lj\u00e1b\u00f3l, ide\u00e9rtve a SC INDUSTRIAL TIRES CENTER SRL \u00e1ltal k\u00edn\u00e1lt term\u00e9kekr\u0151l \u00e9s szolg\u00e1ltat\u00e1sokr\u00f3l sz\u00f3l\u00f3 kereskedelmi kommunik\u00e1ci\u00f3k tov\u00e1bb\u00edt\u00e1s\u00e1t t\u00e1vols\u00e1gi kommunik\u00e1ci\u00f3s eszk\u00f6z\u00f6k\u00f6n kereszt\u00fcl (e-mail, sms), az oldal k\u00f6zvet\u00edt\u00e9s\u00e9vel.<\/p>\n<p>T\u00f6rv\u00e9nyes alap: Adatainak ezen c\u00e9lb\u00f3l t\u00f6rt\u00e9n\u0151 feldolgoz\u00e1sa az \u00f6n hozz\u00e1j\u00e1rul\u00e1s\u00e1n alapul, amennyiben \u00fagy d\u00f6nt, hogy megadja azt.<\/p>\n<p>Adatainak ezen c\u00e9lb\u00f3l t\u00f6rt\u00e9n\u0151 feldolgoz\u00e1s\u00e1hoz kifejezett hozz\u00e1j\u00e1rul\u00e1s\u00e1t az al\u00e1bbiak szerint adhatja meg: a h\u00edrlev\u00e9lre val\u00f3 feliratkoz\u00e1shoz el\u00e9rhet\u0151 \u0171rlap kit\u00f6lt\u00e9s\u00e9vel \u00e9s az ehhez tartoz\u00f3 n\u00e9gyzet bejel\u00f6l\u00e9s\u00e9vel. Az ilyen kereskedelmi jelleg\u0171 kommunik\u00e1ci\u00f3 leiratkoz\u00e1s\u00e1hoz haszn\u00e1lhatja a kapott e-mailek\/sms-ek v\u00e9g\u00e9n tal\u00e1lhat\u00f3 opci\u00f3t.<\/p>\n<p>Az adatok \u00f6nk\u00e9ntes megad\u00e1sa c\u00e9lunk ezen tev\u00e9kenys\u00e9gekhez. Az \u00d6n hozz\u00e1j\u00e1rul\u00e1s\u00e1nak megtagad\u00e1sa az adatok kezel\u00e9s\u00e9hez e c\u00e9lb\u00f3l nem j\u00e1r negat\u00edv k\u00f6vetkezm\u00e9nyekkel az \u00d6n sz\u00e1m\u00e1ra.<\/p>\n<p>\u2013 panaszok \u00e9s reklam\u00e1ci\u00f3k kezel\u00e9s\u00e9hez, valamint az oldalon t\u00f6rt\u00e9n\u0151 forgalom figyel\u00e9s\u00e9hez \u00e9s a szolg\u00e1ltat\u00e1sok jav\u00edt\u00e1s\u00e1hoz.<\/p>\n<p>T\u00e9ma: Az adatok feldolgoz\u00e1s\u00e1nak jogalapja az SC INDUSTRIAL TIRES CENTER SRL jogos \u00e9rdeke, amely a weboldal megfelel\u0151 m\u0171k\u00f6d\u00e9s\u00e9nek biztos\u00edt\u00e1sa, valamint a weboldal l\u00e1togat\u00f3inak \u00e9lm\u00e9ny\u00e9nek folyamatos fejleszt\u00e9se, ide\u00e9rtve k\u00fcl\u00f6nb\u00f6z\u0151 v\u00e9lem\u00e9nyek, k\u00e9rd\u00e9sek vagy panaszok kezel\u00e9s\u00e9t is.<\/p>\n<p>Az adatok \u00f6nk\u00e9ntes szolg\u00e1ltat\u00e1sa erre a c\u00e9lra t\u00f6rt\u00e9nik. Az adatok szolg\u00e1ltat\u00e1s\u00e1nak megtagad\u00e1sa nem j\u00e1r negat\u00edv k\u00f6vetkezm\u00e9nyekkel \u00d6nre n\u00e9zve.<\/p>\n<p>&nbsp;<\/p>\n<p><b>IV. Az adatok feldolgoz\u00e1si id\u0151tartama<\/b><\/p>\n<p>&nbsp;<\/p>\n<p>Mint elv, az SC INDUSTRIAL TIRES CENTER SRL a szem\u00e9lyes adatait a fenti feldolgoz\u00e1si c\u00e9lok el\u00e9r\u00e9se \u00e9rdek\u00e9ben kezeli, amennyire az sz\u00fcks\u00e9ges.<\/p>\n<p>Ha \u00fcgyfel\u00fcnk, az adatait a szerz\u0151d\u00e9ses kapcsolatok teljes id\u0151tartama alatt kezelj\u00fck, valamint k\u00e9s\u0151bb azokat az SC INDUSTRIAL TIRES CENTER SRL vonatkoz\u00f3 t\u00f6rv\u00e9nyi k\u00f6telezetts\u00e9geinek megfelel\u0151en (p\u00e9ld\u00e1ul az ad\u00f3z\u00e1si \u00e9s k\u00f6nyvel\u00e9si okiratok eset\u00e9ben, amelyeket a t\u00f6rv\u00e9ny 10 \u00e9ves id\u0151tartamig meg\u0151riz).<\/p>\n<p>Amennyiben \u00fcgyfel\u00fcnk vagy, \u00e9s szeretn\u00e9 \u00e9rv\u00e9nyes\u00edteni a felhaszn\u00e1l\u00f3i fi\u00f3k t\u00f6rl\u00e9s\u00e9re vonatkoz\u00f3 lehet\u0151s\u00e9g\u00e9t, k\u00e9rj\u00fck, jelezze sz\u00e1nd\u00e9k\u00e1t a office@inchiriere-rulota.ro e-mail c\u00edmen. Az SC INDUSTRIAL TIRES CENTER SRL ezt a l\u00e9p\u00e9st az \u00d6n d\u00f6nt\u00e9s\u00e9nek tekinti a kereskedelmi kommunik\u00e1ci\u00f3k leiratkoz\u00e1sa \u00e9rdek\u00e9ben, amelyekkel t\u00e1j\u00e9koztatjuk \u00d6nt a Site-on kereszt\u00fcl ny\u00fajtott term\u00e9kekr\u0151l \u00e9s szolg\u00e1ltat\u00e1sokr\u00f3l. Ebben az \u00e9rtelemben, ha \u00fagy d\u00f6nt, hogy t\u00f6rli a felhaszn\u00e1l\u00f3i fi\u00f3kj\u00e1t, nem fogunk t\u00f6bb e-mailt \u00e9s \/ vagy SMS-t k\u00fcldeni ilyen jelleg\u0171 kommunik\u00e1ci\u00f3kra vonatkoz\u00f3an. Azonban szeretn\u00e9nk t\u00e1j\u00e9koztatni, hogy a fi\u00f3k t\u00f6rl\u00e9se nem j\u00e1r automatikus adatok t\u00f6rl\u00e9s\u00e9vel. Amennyiben nem k\u00edv\u00e1nja, hogy szem\u00e9lyes adatait tov\u00e1bbra is feldolgozzuk, vagy t\u00f6r\u00f6lj\u00fck azokat, k\u00e9rj\u00fck, \u00e9ljen az al\u00e1bbi VII. pontban r\u00e9szletezett jogokkal. Amennyiben k\u00e9relmezi a fi\u00f3k t\u00f6rl\u00e9s\u00e9t, de a fi\u00f3kon legal\u00e1bb egy akt\u00edv megrendel\u00e9s tal\u00e1lhat\u00f3, a fi\u00f3k t\u00f6rl\u00e9si k\u00e9relm\u00e9t csak a szolg\u00e1ltat\u00e1sok ny\u00fajt\u00e1sa \u00e9s az utols\u00f3 akt\u00edv megrendel\u00e9s befejez\u00e9se ut\u00e1n lehet regisztr\u00e1lni.<\/p>\n<p>Ha visszavonja a hozz\u00e1j\u00e1rul\u00e1s\u00e1t a szem\u00e9lyes adatainak marketing c\u00e9lokra t\u00f6rt\u00e9n\u0151 feldolgoz\u00e1s\u00e1hoz, az SC INDUSTRIAL TIRES CENTER SRL megsz\u00fcnteti az adatok feldolgoz\u00e1s\u00e1t ezen c\u00e9l \u00e9rdek\u00e9ben, de nem \u00e9rinti az SC INDUSTRIAL TIRES CENTER SRL \u00e1ltal kor\u00e1bban kifejezett hozz\u00e1j\u00e1rul\u00e1son alapul\u00f3 feldolgoz\u00e1sokat.<\/p>\n<p>&nbsp;<\/p>\n<p><b>V. Szem\u00e9lyes adatok k\u00f6zl\u00e9se<\/b><\/p>\n<p>&nbsp;<\/p>\n<p>A SC INDUSTRIAL TIRES CENTER SRL a szem\u00e9lyes adatokat olyan partnereknek, harmadik feleknek vagy entit\u00e1soknak tov\u00e1bb\u00edthatja, akik t\u00e1mogatj\u00e1k az SC INDUSTRIAL TIRES CENTER SRL tev\u00e9kenys\u00e9g\u00e9t az oldal haszn\u00e1lat\u00e1ban (p\u00e9ld\u00e1ul egy\u00fcttm\u0171k\u00f6d\u0151 szolg\u00e1ltat\u00f3k, IT szolg\u00e1ltat\u00f3k), vagy k\u00f6zponti \/ helyi k\u00f6zszerveknek az al\u00e1bbi p\u00e9ld\u00e1kat felsorolva:<\/p>\n<p>- Az oldal adminisztr\u00e1ci\u00f3j\u00e1hoz.<\/p>\n<p class=\"translation-block\">Ha az adatokat sz\u00fcks\u00e9ges lenne \u00e1tadni a d\u00edjak vagy egy\u00e9b kedvezm\u00e9nyek oda\u00edt\u00e9l\u00e9s\u00e9hez a \u00e9rintett szem\u00e9lyeknek, akik az SC INDUSTRIAL TIRES CENTER SRL \u00e1ltal szervezett k\u00fcl\u00f6nb\u00f6z\u0151 prom\u00f3ci\u00f3s kamp\u00e1nyokon kereszt\u00fcl r\u00e9szt vettek;<br>az oldal fenntart\u00e1s\u00e1hoz, szem\u00e9lyre szab\u00e1s\u00e1hoz \u00e9s fejleszt\u00e9s\u00e9hez, valamint az oldalon kereszt\u00fcl ny\u00fajtott szolg\u00e1ltat\u00e1sokhoz;<br>az adatok elemz\u00e9s\u00e9hez, tesztel\u00e9s\u00e9hez \u00e9s kutat\u00e1s\u00e1hoz, a felhaszn\u00e1l\u00f3i tev\u00e9kenys\u00e9g \u00e9s haszn\u00e1lati trendek monitoroz\u00e1s\u00e1hoz, a biztons\u00e1gi funkci\u00f3k kifejleszt\u00e9s\u00e9hez \u00e9s a felhaszn\u00e1l\u00f3k hiteles\u00edt\u00e9s\u00e9hez.<\/p>\n<p class=\"translation-block\">- marketing c\u00e9l\u00fa kereskedelmi kommunik\u00e1ci\u00f3k k\u00fcld\u00e9s\u00e9hez, t\u00f6rv\u00e9nyben meghat\u00e1rozott felt\u00e9telek \u00e9s korl\u00e1tok szerint;<br>amikor a szem\u00e9lyes adatok k\u00f6zl\u00e9s\u00e9t a t\u00f6rv\u00e9ny el\u0151\u00edrja, stb.<\/p>\n<p>&nbsp;<\/p>\n<p><b>VI. Szem\u00e9lyes adatok \u00e1tvitele<\/b><\/p>\n<p>&nbsp;<\/p>\n<p>A SC INDUSTRIAL TIRES CENTER SRL \u00e1ltal szolg\u00e1ltatott szem\u00e9lyes adatok \u00e1tadhat\u00f3k Rom\u00e1nia hat\u00e1rain k\u00edv\u00fclre is, de csak az Eur\u00f3pai Uni\u00f3 tag\u00e1llamaiba.<\/p>\n<p>&nbsp;<\/p>\n<p><b>VII. Jogok, amelyekkel rendelkezik<\/b><\/p>\n<p>&nbsp;<\/p>\n<p>Az adatkezel\u00e9ssel kapcsolatos jogszab\u00e1lyok \u00e1ltal meghat\u00e1rozott felt\u00e9telek szerint, mint \u00e9rintettek, az al\u00e1bbi jogok illetik meg \u00d6n\u00f6ket:<\/p>\n<p class=\"translation-block\">\u2013 t\u00e1j\u00e9koztat\u00e1shoz val\u00f3 jog, azaz joguk van r\u00e9szletes inform\u00e1ci\u00f3kat kapni az \u00e1ltalunk, a SC INDUSTRIAL TIRES CENTER SRL \u00e1ltal v\u00e9gzett adatkezel\u00e9si tev\u00e9kenys\u00e9gekr\u0151l, ahogy az jelen dokumentumban is le van \u00edrva;<br>\u2013 hozz\u00e1f\u00e9r\u00e9shez val\u00f3 jog, azaz joguk van meger\u0151s\u00edt\u00e9st kapni a SC INDUSTRIAL TIRES CENTER SRL r\u00e9sz\u00e9r\u0151l, hogy feldolgozz\u00e1k-e szem\u00e9lyes adataikat, valamint kapni r\u00e9szletes inform\u00e1ci\u00f3kat az adatkezel\u00e9si tev\u00e9kenys\u00e9gr\u0151l, p\u00e9ld\u00e1ul az adatok feldolgoz\u00e1si m\u00f3dj\u00e1r\u00f3l, c\u00e9lj\u00e1r\u00f3l, adatok c\u00edmzettjeir\u0151l vagy c\u00edmzett-kateg\u00f3ri\u00e1ir\u00f3l stb.;<br>\u2013 helyesb\u00edt\u00e9shez val\u00f3 jog, azaz joguk van a SC INDUSTRIAL TIRES CENTER SRL \u00e1ltal feldolgozott t\u00e9ves\/indokolatlan adatok azonnali kijav\u00edt\u00e1s\u00e1ra, valamint hi\u00e1nyz\u00f3 adatok kieg\u00e9sz\u00edt\u00e9s\u00e9re; A helyesb\u00edt\u00e9st\/kieg\u00e9sz\u00edt\u00e9st minden adattov\u00e1bb\u00edt\u00f3 sz\u00e1m\u00e1ra k\u00f6z\u00f6lj\u00fck, hacsak ez lehetetlen vagy ar\u00e1nytalan er\u0151fesz\u00edt\u00e9st ig\u00e9nyel;<br>\u2013 t\u00f6rl\u00e9shez val\u00f3 jog, indokolatlan k\u00e9sedelem n\u00e9lk\u00fcl (\u201efeledtet\u00e9s jog\u201d), ha fenn\u00e1ll az al\u00e1bbi indokok valamelyike:<\/p>\n<p class=\"translation-block\">\u2013 nem sz\u00fcks\u00e9gesek t\u00f6bb\u00e9 az eredeti gy\u0171jt\u00e9s\u00fck vagy feldolgoz\u00e1suk c\u00e9ljainak teljes\u00edt\u00e9s\u00e9hez;<br>\u2013 visszavont\u00e1k a hozz\u00e1j\u00e1rul\u00e1sukat, \u00e9s nincs m\u00e1s jogalap az adatok feldolgoz\u00e1s\u00e1ra;<br>\u2013 az \u00e9rintett tiltakozott az adatkezel\u00e9s ellen, \u00e9s nincsenek jogos indokok, amelyek meghaladj\u00e1k az adatkezel\u00e9s \u00e9rdekeit;<br>\u2013 a szem\u00e9lyes adatokat jogellenesen kezelt\u00e9k;<br>\u2013 a szem\u00e9lyes adatok t\u00f6rl\u00e9s\u00e9re vonatkoz\u00f3 k\u00f6telezetts\u00e9g teljes\u00edt\u00e9s\u00e9hez;<br>\u2013 a szem\u00e9lyes adatokat az uni\u00f3s jog vagy az adott tag\u00e1llam jog\u00e1ban el\u0151\u00edrt szolg\u00e1ltat\u00e1sok ny\u00fajt\u00e1sa \u00e9rdek\u00e9ben gy\u0171jt\u00f6tt\u00e9k.<\/p>\n<p class=\"translation-block\">\u2013 a SC INDUSTRIAL TIRES CENTER SRL lehets\u00e9ges, hogy az adatok t\u00f6rl\u00e9si k\u00e9relme ut\u00e1n az adatokat anonimiz\u00e1lja (elt\u00e1vol\u00edtva azok szem\u00e9lyes jelleg\u00e9t), \u00e9s ebben az \u00e1llapotban tov\u00e1bbra is feldolgozza azokat statisztikai c\u00e9lokra;<br>\u2013 korl\u00e1toz\u00e1sra val\u00f3 jog, amennyiben:<br>az \u00e9rintett szem\u00e9ly vitatja az adatok pontoss\u00e1g\u00e1t, az adatok ellen\u0151rz\u00e9s\u00e9re alkalmas id\u0151tartamban;<br>az adatok feldolgoz\u00e1sa jogellenes, \u00e9s az \u00e9rintett szem\u00e9ly ellenzi az adatok t\u00f6rl\u00e9s\u00e9t, helyette a felhaszn\u00e1l\u00e1suk korl\u00e1toz\u00e1s\u00e1t k\u00e9ri;<br>az adatkezel\u0151nek nincs t\u00f6bb\u00e9 sz\u00fcks\u00e9ge a szem\u00e9lyes adatokra a feldolgoz\u00e1si c\u00e9l el\u00e9r\u00e9se \u00e9rdek\u00e9ben, de az \u00e9rintett szem\u00e9ly k\u00e9ri azokat jogi ig\u00e9ny\u00e9nek meg\u00e1llap\u00edt\u00e1sa, gyakorl\u00e1sa vagy v\u00e9delme c\u00e9lj\u00e1b\u00f3l;<br>az \u00e9rintett szem\u00e9ly tiltakozott a feldolgoz\u00e1s ellen (kiv\u00e9ve a k\u00f6zvetlen marketing c\u00e9l\u00fa feldolgoz\u00e1st), am\u00edg meg nem \u00e1llap\u00edtj\u00e1k, hogy az adatkezel\u0151 jogos indokai fel\u00fcl\u00edrj\u00e1k-e az \u00e9rintett szem\u00e9ly jogait.<br>\u2013 adathordozhat\u00f3s\u00e1gra val\u00f3 jog, amely mag\u00e1ban foglalja (i) a szem\u00e9lyes adatokat struktur\u00e1lt, \u00e1ltal\u00e1nosan haszn\u00e1lt \u00e9s g\u00e9ppel olvashat\u00f3 form\u00e1ban t\u00f6rt\u00e9n\u0151 megkap\u00e1s\u00e1nak jog\u00e1t, valamint (ii) a SC INDUSTRIAL TIRES CENTER SRL \u00e1ltal m\u00e1s adatkezel\u0151nek t\u00f6rt\u00e9n\u0151 tov\u00e1bb\u00edt\u00e1s\u00e1nak jog\u00e1t, amennyiben az ehhez sz\u00fcks\u00e9ges felt\u00e9telek teljes\u00fclnek a jogszab\u00e1lyok szerint;<br>\u2013 tiltakoz\u00e1shoz val\u00f3 jog \u2013 a feldolgoz\u00e1si tev\u00e9kenys\u00e9gek vonatkoz\u00e1s\u00e1ban a k\u00f6vetkez\u0151 m\u00f3don gyakorolhat\u00f3:<br>b\u00e1rmikor, az \u00e9rintett szem\u00e9ly saj\u00e1tos helyzet\u00e9b\u0151l ered\u0151 okok miatt, hogy az adatokat az SC INDUSTRIAL TIRES CENTER SRL jogos \u00e9rdeke vagy k\u00f6z\u00e9rdek alapj\u00e1n kezelje, kiv\u00e9ve, ha az SC INDUSTRIAL TIRES CENTER SRL bizony\u00edtani tudja, hogy jogos \u00e9s k\u00e9nyszer\u00edt\u0151 indokai vannak az adatok feldolgoz\u00e1s\u00e1ra, amelyek els\u0151bbs\u00e9get \u00e9lveznek az \u00e9rintett szem\u00e9ly jogain, szabads\u00e1gain \u00e9s alapvet\u0151 \u00e9rdekein\u00e9l, vagy a feldolgoz\u00e1s c\u00e9lja jogi ig\u00e9ny meg\u00e1llap\u00edt\u00e1sa, gyakorl\u00e1sa vagy v\u00e9delme;<br>b\u00e1rmikor, ingyenesen \u00e9s indokol\u00e1s n\u00e9lk\u00fcl tiltakozhat az \u00e9rintett szem\u00e9ly a k\u00f6zvetlen marketing c\u00e9l\u00fa adatfeldolgoz\u00e1s ellen.<br>\u2013 automatiz\u00e1lt d\u00f6nt\u00e9shozatali jog nem illeti meg, amely mag\u00e1ban foglalja az automatiz\u00e1lt adatfeldolgoz\u00e1s, ide\u00e9rtve a profilalkot\u00e1st alapul vev\u0151 d\u00f6nt\u00e9shozatalt, amely jelent\u0151s m\u00e9rt\u00e9kben \u00e9rinti vagy hat\u00e1ssal van az \u00e9rintett szem\u00e9lyre;<br>\u2013 jog a Nemzeti Adatv\u00e9delmi \u00e9s Inform\u00e1ci\u00f3szabads\u00e1g Hat\u00f3s\u00e1ghoz, illetve az illet\u00e9kes b\u00edr\u00f3s\u00e1gokhoz fordul\u00e1sra, amennyiben sz\u00fcks\u00e9gesnek tartja.<\/p>\n<p>A fenti szem\u00e9lyes adatok feldolgoz\u00e1s\u00e1val kapcsolatos tov\u00e1bbi k\u00e9rd\u00e9sekkel \u00e9s a fent eml\u00edtett jogok gyakorl\u00e1s\u00e1val kapcsolatban k\u00e9rj\u00fck, hogy forduljon az al\u00e1bbi e-mail c\u00edmre: office@inchiriere-rulota.ro.<\/p>\n<p><\/p>\t\t\t\t\t\t\t\t<\/div>\n\t\t\t\t<\/div>\n\t\t\t\t\t<\/div>\n\t\t<\/div>\n\t\t\t\t\t<\/div>\n\t\t<\/section>\n\t\t\t\t<\/div>","protected":false},"excerpt":{"rendered":"<p>Politica de confiden\u021bialitate I. Informa\u021bii generale Confiden\u021bialitatea datelor dumneavoastr\u0103 cu caracter personal reprezint\u0103 una dintre preocup\u0103rile principale ale SC INDUSTRIAL TIRES CENTER SRL, cu sediul \u00een Dealu, str. Principal\u0103 nr. 192, jude\u021bul Harghita. &nbsp; Acest document are rolul de a v\u0103 informa cu privire la prelucrarea datelor dumneavoastr\u0103 cu caracter personal, \u00een contextul utiliz\u0103rii paginii&hellip; <a class=\"more-link\" href=\"https:\/\/stage.inchiriere-rulota.ro\/hu\/politica-de-confidentialitate\/\"><span class=\"screen-reader-text\">Adatv\u00e9delmi nyilatkozat<\/span> olvas\u00e1s\u00e1nak folytat\u00e1sa<\/a><\/p>","protected":false},"author":1,"featured_media":0,"parent":0,"menu_order":0,"comment_status":"closed","ping_status":"closed","template":"elementor_header_footer","meta":{"_acf_changed":false,"footnotes":""},"class_list":["post-3","page","type-page","status-publish","hentry","entry"],"acf":[],"_links":{"self":[{"href":"https:\/\/stage.inchiriere-rulota.ro\/hu\/wp-json\/wp\/v2\/pages\/3","targetHints":{"allow":["GET"]}}],"collection":[{"href":"https:\/\/stage.inchiriere-rulota.ro\/hu\/wp-json\/wp\/v2\/pages"}],"about":[{"href":"https:\/\/stage.inchiriere-rulota.ro\/hu\/wp-json\/wp\/v2\/types\/page"}],"author":[{"embeddable":true,"href":"https:\/\/stage.inchiriere-rulota.ro\/hu\/wp-json\/wp\/v2\/users\/1"}],"replies":[{"embeddable":true,"href":"https:\/\/stage.inchiriere-rulota.ro\/hu\/wp-json\/wp\/v2\/comments?post=3"}],"version-history":[{"count":0,"href":"https:\/\/stage.inchiriere-rulota.ro\/hu\/wp-json\/wp\/v2\/pages\/3\/revisions"}],"wp:attachment":[{"href":"https:\/\/stage.inchiriere-rulota.ro\/hu\/wp-json\/wp\/v2\/media?parent=3"}],"curies":[{"name":"wp","href":"https:\/\/api.w.org\/{rel}","templated":true}]}}