{"id":683,"date":"2023-07-13T16:05:18","date_gmt":"2023-07-13T16:05:18","guid":{"rendered":"https:\/\/rv.plusmanagement.ro\/?page_id=683"},"modified":"2025-08-22T12:03:38","modified_gmt":"2025-08-22T12:03:38","slug":"cauta-rulota","status":"publish","type":"page","link":"https:\/\/stage.inchiriere-rulota.ro\/hu\/cauta-rulota\/","title":{"rendered":"Caut\u0103 rulote"},"content":{"rendered":"\t\t<div data-elementor-type=\"wp-page\" data-elementor-id=\"683\" class=\"elementor elementor-683\" data-elementor-post-type=\"page\">\n\t\t\t\t<div class=\"elementor-element elementor-element-bfa501a e-flex e-con-boxed e-con e-parent\" data-id=\"bfa501a\" data-element_type=\"container\" data-e-type=\"container\">\n\t\t\t\t\t<div class=\"e-con-inner\">\n\t\t\t\t<div class=\"elementor-element elementor-element-7e68cd0 elementor-widget__width-initial elementor--h-position-center elementor--v-position-middle elementor-arrows-position-inside elementor-widget elementor-widget-slides\" data-id=\"7e68cd0\" data-element_type=\"widget\" data-e-type=\"widget\" data-settings=\"{&quot;navigation&quot;:&quot;arrows&quot;,&quot;autoplay&quot;:&quot;yes&quot;,&quot;pause_on_hover&quot;:&quot;yes&quot;,&quot;pause_on_interaction&quot;:&quot;yes&quot;,&quot;autoplay_speed&quot;:5000,&quot;infinite&quot;:&quot;yes&quot;,&quot;transition&quot;:&quot;slide&quot;,&quot;transition_speed&quot;:500}\" data-widget_type=\"slides.default\">\n\t\t\t\t<div class=\"elementor-widget-container\">\n\t\t\t\t\t\t\t\t\t<div class=\"elementor-swiper\">\r\n\t\t\t\t\t<div class=\"elementor-slides-wrapper elementor-main-swiper swiper\" role=\"region\" aria-roledescription=\"carousel\" aria-label=\"Oferte promo\u021bionale\" dir=\"ltr\" data-animation=\"fadeInUp\">\r\n\t\t\t\t<div class=\"swiper-wrapper elementor-slides\">\r\n\t\t\t\t\t\t\t\t\t\t<div class=\"elementor-repeater-item-8b64658 swiper-slide\" role=\"group\" aria-roledescription=\"slide\"><div class=\"swiper-slide-bg\" role=\"img\" aria-label=\"ir-carusel-t02\"><\/div><div class=\"swiper-slide-inner\" ><div class=\"swiper-slide-contents\"><\/div><\/div><\/div><div class=\"elementor-repeater-item-819e2ae swiper-slide\" role=\"group\" aria-roledescription=\"slide\"><div class=\"swiper-slide-bg\" role=\"img\" aria-label=\"ir-carusel-t01\"><\/div><div class=\"swiper-slide-inner\" ><div class=\"swiper-slide-contents\"><\/div><\/div><\/div>\t\t\t\t<\/div>\r\n\t\t\t\t\t\t\t\t\t\t\t\t\t\t\t<div class=\"elementor-swiper-button elementor-swiper-button-prev\" role=\"button\" tabindex=\"0\" aria-label=\"Previous slide\">\r\n\t\t\t\t\t\t\t<i aria-hidden=\"true\" class=\"eicon-chevron-left\"><\/i>\t\t\t\t\t\t<\/div>\r\n\t\t\t\t\t\t<div class=\"elementor-swiper-button elementor-swiper-button-next\" role=\"button\" tabindex=\"0\" aria-label=\"Next slide\">\r\n\t\t\t\t\t\t\t<i aria-hidden=\"true\" class=\"eicon-chevron-right\"><\/i>\t\t\t\t\t\t<\/div>\r\n\t\t\t\t\t\t\t\t\t\t\t\t\t\t\t\t\t<\/div>\r\n\t\t\t\t<\/div>\r\n\t\t\t\t\t\t\t\t<\/div>\n\t\t\t\t<\/div>\n\t\t\t\t\t<\/div>\n\t\t\t\t<\/div>\n\t\t<div class=\"elementor-element elementor-element-36adcb9 e-flex e-con-boxed e-con e-parent\" data-id=\"36adcb9\" data-element_type=\"container\" data-e-type=\"container\">\n\t\t\t\t\t<div class=\"e-con-inner\">\n\t\t\t\t<div class=\"elementor-element elementor-element-b476987 elementor-widget elementor-widget-Search\" data-id=\"b476987\" data-element_type=\"widget\" data-e-type=\"widget\" data-widget_type=\"Search.default\">\n\t\t\t\t<div class=\"elementor-widget-container\">\n\t\t\t\t\t<div class=\"wpbs_s-search-widget wpbs_s-search-widget-multiple-date-search\" data-calendars=\"all\" data-language=\"ro\" data-title=\"yes\" data-mark_selection=\"yes\" data-start_day=\"1\" data-selection_type=\"multiple\" data-minimum_stay=\"3\" data-featured_image=\"yes\" data-starting_price=\"yes\" data-results_layout=\"grid\" data-results_per_page=\"10\" data-show_results_on_load=\"no\" data-redirect=\"\" ><div class=\"wpbs_s-search-widget-form-wrap\">\r\n<h2>Rezerv\u0103 o rulot\u0103 acum<\/h2>\r\n\r\n<form action=\"#\" method=\"GET\" class=\"wpbs_s-search-widget-form wpbs_s-search-widget-form-fields-2\" autocomplete=\"off\">\r\n\r\n    \r\n    <div class=\"wpbs_s-search-widget-field wpbs-search-widget-field-start-date\">\r\n        <label for=\"wpbs_s-search-widget-datepicker-start-date-449d7521\">Dat\u0103 preluare<\/label>\r\n        <input type=\"text\" placeholder=\"de la\" value=\"\" id=\"wpbs_s-search-widget-datepicker-start-date-449d7521\" class=\"wpbs_s-search-widget-datepicker wpbs_s-search-widget-datepicker-start-date\" name=\"start-date\" readonly \/>\r\n        <input type=\"hidden\" value=\"\" id=\"wpbs_s-search-widget-datepicker-standard-format-start-date-449d7521\" class=\"wpbs_s-search-widget-datepicker-standard-format-start-date\" name=\"wpbs-search-start-date\" \/>\r\n    <\/div>\r\n\r\n    \r\n        <div class=\"wpbs_s-search-widget-field wpbs-search-widget-field-end-date\">\r\n            <label for=\"wpbs_s-search-widget-datepicker-end-date-449d7521\">Dat\u0103 returnare<\/label>\r\n            <input type=\"text\" placeholder=\"p\u00e2n\u0103 la\" value=\"\" id=\"wpbs_s-search-widget-datepicker-end-date-449d7521\" class=\"wpbs_s-search-widget-datepicker wpbs_s-search-widget-datepicker-end-date\" name=\"end-date\" readonly \/>\r\n            <input type=\"hidden\" value=\"\" id=\"wpbs_s-search-widget-datepicker-standard-format-end-date-449d7521\" class=\"wpbs_s-search-widget-datepicker-standard-format-end-date\" name=\"wpbs-search-end-date\" \/>\r\n        <\/div>\r\n\r\n    \r\n    \r\n    <div class=\"wpbs_s-search-widget-field wpbs_s-search-widget-field-submit\">\r\n        <button class=\"wpbs_s-search-widget-datepicker-submit\">Caut\u0103<\/button>\r\n    <\/div>\r\n\r\n<\/form>\r\n<\/div><div class=\"wpbs_s-search-widget-results-wrap\" data-label-previous=\"\u00cenapoi\" data-label-next=\"\u00cenainte\"><\/div><div class=\"wpbs-search-container-loaded\" data-just-loaded=\"1\"><\/div><\/div>\t\t\t\t<\/div>\n\t\t\t\t<\/div>\n\t\t\t\t\t<\/div>\n\t\t\t\t<\/div>\n\t\t<div class=\"elementor-element elementor-element-2572dcc e-flex e-con-boxed e-con e-parent\" data-id=\"2572dcc\" data-element_type=\"container\" data-e-type=\"container\">\n\t\t\t\t\t<div class=\"e-con-inner\">\n\t\t\t\t<div class=\"elementor-element elementor-element-6b28e17 elementor-widget elementor-widget-heading\" data-id=\"6b28e17\" data-element_type=\"widget\" data-e-type=\"widget\" id=\"title_availability\" data-widget_type=\"heading.default\">\n\t\t\t\t<div class=\"elementor-widget-container\">\n\t\t\t\t\t<h2 class=\"elementor-heading-title elementor-size-default\">Calendar disponibilitate<\/h2>\t\t\t\t<\/div>\n\t\t\t\t<\/div>\n\t\t\t\t<div class=\"elementor-element elementor-element-5868126 elementor-widget elementor-widget-html\" data-id=\"5868126\" data-element_type=\"widget\" data-e-type=\"widget\" data-widget_type=\"html.default\">\n\t\t\t\t<div class=\"elementor-widget-container\">\n\t\t\t\t\t<script>\r\n\r\n$(document).ready(function() {\r\n    function getUrlParameter(name) {\r\n        name = name.replace(\/[\\[]\/, '\\\\[').replace(\/[\\]]\/, '\\\\]');\r\n        var regex = new RegExp('[\\\\?&]' + name + '=([^&#]*)');\r\n        var results = regex.exec(location.search);\r\n        return results === null ? '' : decodeURIComponent(results[1].replace(\/\\+\/g, ' '));\r\n    }\r\n    function loadShortcode(startDate) {\r\n        $.ajax({\r\n            url: window.location.protocol + '\/\/' + window.location.hostname + '\/wp-admin\/admin-ajax.php',\r\n            type: 'POST',\r\n            data: {\r\n                action: 'cd_load_shortcode',\r\n                start_date: startDate\r\n            },\r\n            success: function(response) {\r\n                $('#shortcodeContainer').html(response);\r\n                $('#title_availability').show();\r\n            },\r\n            error: function(xhr, status, error) {\r\n                console.error('Error:', error);\r\n            }\r\n        });\r\n    }\r\n\r\n   var startDate = getUrlParameter('wpbs-search-start-date');\r\n    if (startDate) {\r\n        loadShortcode(startDate);\r\n    }\r\n           \r\n    $(document).on('click', '.wpbs_s-search-widget-datepicker-submit', function(e) {\r\n        e.preventDefault();\r\n        var startDate = $('input[name=wpbs-search-start-date]').val();\r\n        loadShortcode(startDate);\r\n        \r\n    });\r\n\r\n});\r\n\r\n<\/script>\r\n\t\t\t\t<\/div>\n\t\t\t\t<\/div>\n\t\t\t\t\t<\/div>\n\t\t\t\t<\/div>\n\t\t\t\t<\/div>\n\t\t","protected":false},"excerpt":{"rendered":"<p>Rezerv\u0103 o rulot\u0103 acum Dat\u0103 preluare Dat\u0103 returnare Caut\u0103 Calendar disponibilitate<\/p>","protected":false},"author":1,"featured_media":0,"parent":0,"menu_order":0,"comment_status":"closed","ping_status":"closed","template":"elementor_header_footer","meta":{"_acf_changed":false,"footnotes":""},"class_list":["post-683","page","type-page","status-publish","hentry","entry"],"acf":[],"_links":{"self":[{"href":"https:\/\/stage.inchiriere-rulota.ro\/hu\/wp-json\/wp\/v2\/pages\/683","targetHints":{"allow":["GET"]}}],"collection":[{"href":"https:\/\/stage.inchiriere-rulota.ro\/hu\/wp-json\/wp\/v2\/pages"}],"about":[{"href":"https:\/\/stage.inchiriere-rulota.ro\/hu\/wp-json\/wp\/v2\/types\/page"}],"author":[{"embeddable":true,"href":"https:\/\/stage.inchiriere-rulota.ro\/hu\/wp-json\/wp\/v2\/users\/1"}],"replies":[{"embeddable":true,"href":"https:\/\/stage.inchiriere-rulota.ro\/hu\/wp-json\/wp\/v2\/comments?post=683"}],"version-history":[{"count":3,"href":"https:\/\/stage.inchiriere-rulota.ro\/hu\/wp-json\/wp\/v2\/pages\/683\/revisions"}],"predecessor-version":[{"id":1936,"href":"https:\/\/stage.inchiriere-rulota.ro\/hu\/wp-json\/wp\/v2\/pages\/683\/revisions\/1936"}],"wp:attachment":[{"href":"https:\/\/stage.inchiriere-rulota.ro\/hu\/wp-json\/wp\/v2\/media?parent=683"}],"curies":[{"name":"wp","href":"https:\/\/api.w.org\/{rel}","templated":true}]}}