{"id":870,"date":"2023-07-16T10:54:28","date_gmt":"2023-07-16T10:54:28","guid":{"rendered":"https:\/\/rv.plusmanagement.ro\/?page_id=870"},"modified":"2025-04-10T12:38:00","modified_gmt":"2025-04-10T12:38:00","slug":"conditii-de-inchiriere","status":"publish","type":"page","link":"https:\/\/stage.inchiriere-rulota.ro\/hu\/conditii-de-inchiriere\/","title":{"rendered":"B\u00e9rl\u00e9si felt\u00e9telek"},"content":{"rendered":"<div data-elementor-type=\"wp-page\" data-elementor-id=\"870\" class=\"elementor elementor-870\" data-elementor-post-type=\"page\">\n\t\t\t\t<div class=\"elementor-element elementor-element-481da0a2 e-flex e-con-boxed e-con e-parent\" data-id=\"481da0a2\" data-element_type=\"container\" data-e-type=\"container\" data-settings=\"{&quot;background_background&quot;:&quot;classic&quot;}\">\n\t\t\t\t\t<div class=\"e-con-inner\">\n\t\t\t\t<div class=\"elementor-element elementor-element-2f0a307c elementor-widget elementor-widget-heading\" data-id=\"2f0a307c\" data-element_type=\"widget\" data-e-type=\"widget\" data-widget_type=\"heading.default\">\n\t\t\t\t<div class=\"elementor-widget-container\">\n\t\t\t\t\t<h2 class=\"elementor-heading-title elementor-size-default\">K\u00d6LCS\u00d6NZ\u00c9SI FELT\u00c9TELEK<\/h2>\t\t\t\t<\/div>\n\t\t\t\t<\/div>\n\t\t\t\t<div class=\"elementor-element elementor-element-b21f5b8 elementor-widget elementor-widget-global elementor-global-915 elementor-widget-html\" data-id=\"b21f5b8\" data-element_type=\"widget\" data-e-type=\"widget\" data-widget_type=\"html.default\">\n\t\t\t\t<div class=\"elementor-widget-container\">\n\t\t\t\t\t<script>\r\nwindow.addEventListener('load', function () {\r\n  setTimeout(function () {\r\n    let toggles = document.querySelectorAll('.openedByDefault .elementor-tab-title');\r\n\r\n    toggles.forEach((toggle, index) => {\r\n      toggle.click();\r\n    });\r\n  }, 300);\r\n});\r\n<\/script>\t\t\t\t<\/div>\n\t\t\t\t<\/div>\n\t\t\t\t<div class=\"elementor-element elementor-element-3cec06eb openedByDefault elementor-widget elementor-widget-toggle\" data-id=\"3cec06eb\" data-element_type=\"widget\" data-e-type=\"widget\" data-widget_type=\"toggle.default\">\n\t\t\t\t<div class=\"elementor-widget-container\">\n\t\t\t\t\t\t\t<div class=\"elementor-toggle\">\n\t\t\t\t\t\t\t<div class=\"elementor-toggle-item\">\n\t\t\t\t\t<div id=\"elementor-tab-title-1021\" class=\"elementor-tab-title\" data-tab=\"1\" role=\"button\" aria-controls=\"elementor-tab-content-1021\" aria-expanded=\"false\">\n\t\t\t\t\t\t\t\t\t\t\t\t<span class=\"elementor-toggle-icon elementor-toggle-icon-left\" aria-hidden=\"true\">\n\t\t\t\t\t\t\t\t\t\t\t\t\t\t\t<span class=\"elementor-toggle-icon-closed\"><i class=\"fas fa-caret-square-right\"><\/i><\/span>\n\t\t\t\t\t\t\t\t<span class=\"elementor-toggle-icon-opened\"><i class=\"elementor-toggle-icon-opened far fa-caret-square-down\"><\/i><\/span>\n\t\t\t\t\t\t\t\t\t\t\t\t\t<\/span>\n\t\t\t\t\t\t\t\t\t\t\t\t<a class=\"elementor-toggle-title\" tabindex=\"0\">\u00c1rak \u00e9s opci\u00f3k<\/a>\n\t\t\t\t\t<\/div>\n\n\t\t\t\t\t<div id=\"elementor-tab-content-1021\" class=\"elementor-tab-content elementor-clearfix\" data-tab=\"1\" role=\"region\" aria-labelledby=\"elementor-tab-title-1021\"><p class=\"translation-block\"><b>\u00c1rak \u00e9s opci\u00f3k<\/b> A b\u00e9rleti d\u00edj az id\u0151szakt\u00f3l f\u00fcgg\u0151en v\u00e1ltozik:<\/p><ul><li><b>349 lej \/ nap-t\u00f3l szezonban<\/b> (01.06-15.09)<\/li><li><b>M\u00e1r 249 lej \/ \u00e9jszak\u00e1t\u00f3l a szezonon k\u00edv\u00fcl<\/b> (16.09 &#8211; 31.05)<\/li><\/ul><p class=\"translation-block\">A b\u00e9rl\u00e9si id\u0151szak minimum <b>3 nap<\/b>.<\/p><p class=\"translation-block\">F\u00fcggetlen\u00fcl az id\u0151szakt\u00f3l \u00e9s az ig\u00e9nybev\u00e9tel id\u0151tartam\u00e1t\u00f3l, a b\u00e9rleti d\u00edjhoz hozz\u00e1ad\u00f3dik a 249 lei \u00e9rt\u00e9k\u0171 <strong>fert\u0151tlen\u00edt\u00e9si d\u00edj<\/strong>.<\/p><p class=\"translation-block\">Lehet\u0151s\u00e9g van tov\u00e1bbi opci\u00f3k hozz\u00e1ad\u00e1s\u00e1ra, amelyeknek az \u00e1rai <span style=\"color: var(--e-global-color-text);letter-spacing: 0px;background-color: var(--e-global-color-c696dce)\">megtal\u00e1lhat\u00f3k a foglal\u00e1si \u0171rlapon. Az opci\u00f3k \u00e1ra lehet szem\u00e9lyenk\u00e9nt, foglal\u00e1sonk\u00e9nt vagy foglal\u00e1sonk\u00e9nt naponta, a k\u00f6r\u00fclm\u00e9nyekt\u0151l f\u00fcgg\u0151en.<\/span><\/p><\/div>\n\t\t\t\t<\/div>\n\t\t\t\t\t\t\t<div class=\"elementor-toggle-item\">\n\t\t\t\t\t<div id=\"elementor-tab-title-1022\" class=\"elementor-tab-title\" data-tab=\"2\" role=\"button\" aria-controls=\"elementor-tab-content-1022\" aria-expanded=\"false\">\n\t\t\t\t\t\t\t\t\t\t\t\t<span class=\"elementor-toggle-icon elementor-toggle-icon-left\" aria-hidden=\"true\">\n\t\t\t\t\t\t\t\t\t\t\t\t\t\t\t<span class=\"elementor-toggle-icon-closed\"><i class=\"fas fa-caret-square-right\"><\/i><\/span>\n\t\t\t\t\t\t\t\t<span class=\"elementor-toggle-icon-opened\"><i class=\"elementor-toggle-icon-opened far fa-caret-square-down\"><\/i><\/span>\n\t\t\t\t\t\t\t\t\t\t\t\t\t<\/span>\n\t\t\t\t\t\t\t\t\t\t\t\t<a class=\"elementor-toggle-title\" tabindex=\"0\">Fizet\u00e9si m\u00f3dok, el\u0151leg fizet\u00e9s, kauci\u00f3.<\/a>\n\t\t\t\t\t<\/div>\n\n\t\t\t\t\t<div id=\"elementor-tab-content-1022\" class=\"elementor-tab-content elementor-clearfix\" data-tab=\"2\" role=\"region\" aria-labelledby=\"elementor-tab-title-1022\"><p class=\"translation-block\">Az el\u0151leg befizet\u00e9se sz\u00fcks\u00e9ges ahhoz, hogy a foglal\u00e1s \u00e9rv\u00e9nyess\u00e9 v\u00e1ljon, amelynek \u00e9rt\u00e9ke a foglal\u00e1s 30%-a. A <strong>marad\u00e9k 70%-ot<\/strong> legk\u00e9s\u0151bb a foglal\u00e1s kezdete el\u0151tt <strong>60 nappal<\/strong> kell kifizetni.<\/p><p class=\"translation-block\">Ha a foglal\u00e1s \u00e9s a foglal\u00e1s kezdete k\u00f6z\u00f6tt <strong>kevesebb, mint 60 nap<\/strong> van, a szolg\u00e1ltat\u00e1sok teljes \u00f6sszege a <strong>foglal\u00e1skor ker\u00fcl kifizet\u00e9sre<\/strong>.<\/p><p class=\"translation-block\">A foglal\u00e1s sor\u00e1n egy <strong>p\u00e9nz\u00fcgyi garancia<\/strong> fizetend\u0151, \u00e9rt\u00e9ke <strong>2.000 lei<\/strong>, a foglal\u00e1s id\u0151tartam\u00e1t\u00f3l f\u00fcggetlen\u00fcl, <strong>legk\u00e9s\u0151bb 15 nappal a foglal\u00e1s kezdete el\u0151tt<\/strong>. A kauci\u00f3 visszaj\u00e1r, miut\u00e1n a lak\u00f3kocsit ugyanolyan \u00e1llapotban visszaadj\u00e1k, mint ahogy \u00e1tvett\u00e9k.<\/p><\/div>\n\t\t\t\t<\/div>\n\t\t\t\t\t\t\t<div class=\"elementor-toggle-item\">\n\t\t\t\t\t<div id=\"elementor-tab-title-1023\" class=\"elementor-tab-title\" data-tab=\"3\" role=\"button\" aria-controls=\"elementor-tab-content-1023\" aria-expanded=\"false\">\n\t\t\t\t\t\t\t\t\t\t\t\t<span class=\"elementor-toggle-icon elementor-toggle-icon-left\" aria-hidden=\"true\">\n\t\t\t\t\t\t\t\t\t\t\t\t\t\t\t<span class=\"elementor-toggle-icon-closed\"><i class=\"fas fa-caret-square-right\"><\/i><\/span>\n\t\t\t\t\t\t\t\t<span class=\"elementor-toggle-icon-opened\"><i class=\"elementor-toggle-icon-opened far fa-caret-square-down\"><\/i><\/span>\n\t\t\t\t\t\t\t\t\t\t\t\t\t<\/span>\n\t\t\t\t\t\t\t\t\t\t\t\t<a class=\"elementor-toggle-title\" tabindex=\"0\">Lak\u00f3kocsi haszn\u00e1lata<\/a>\n\t\t\t\t\t<\/div>\n\n\t\t\t\t\t<div id=\"elementor-tab-content-1023\" class=\"elementor-tab-content elementor-clearfix\" data-tab=\"3\" role=\"region\" aria-labelledby=\"elementor-tab-title-1023\"><p class=\"translation-block\">A lak\u00f3kocsi vezet\u0151j\u00e9nek rendelkeznie kell <strong>B kateg\u00f3ri\u00e1s jogos\u00edtv\u00e1nnyal<\/strong> (legal\u00e1bb 5 \u00e9ves tapasztalattal) \u00e9s a <strong>minimum 25 \u00e9ves \u00e9letkorral<\/strong>.<\/p><p class=\"translation-block\">A lak\u00f3kocsi legnagyobb megengedett \u00f6sszt\u00f6mege <strong>1.360 kg<\/strong>.<\/p><p class=\"translation-block\">A lak\u00f3kocsit <strong>megfelel\u0151 haszn\u00e1latra<\/strong> b\u00e9relj\u00fck, <strong>maximum 500 km\/nap<\/strong> keretig.<\/p><p class=\"translation-block\">A lak\u00f3kocsit <strong>haszn\u00e1lhatj\u00e1k Rom\u00e1nia hat\u00e1rain k\u00edv\u00fcl<\/strong>, az EU tag\u00e1llamaiban vagy m\u00e1s eur\u00f3pai orsz\u00e1gokban (a biztos\u00edt\u00e1s kiz\u00e1r\u00e1sai kiv\u00e9tel\u00e9vel). A lak\u00f3kocsi k\u00f6telez\u0151 g\u00e9pj\u00e1rm\u0171 felel\u0151ss\u00e9gbiztos\u00edt\u00e1ssal (RCA) \u00e9s CASCO biztos\u00edt\u00e1ssal rendelkezik.<\/p><\/div>\n\t\t\t\t<\/div>\n\t\t\t\t\t\t\t\t<\/div>\n\t\t\t\t\t\t<\/div>\n\t\t\t\t<\/div>\n\t\t\t\t\t<\/div>\n\t\t\t\t<\/div>\n\t\t\t\t<\/div>","protected":false},"excerpt":{"rendered":"<p>CONDI\u021aII DE \u00ceNCHIRIERE Pre\u021buri \u0219i op\u021biuni Pre\u021bul \u00eenchirierii variaz\u0103 \u00een func\u021bie de perioada aleas\u0103: de la 349 lei \/ zi \u00een sezon (01.06-15.09) de la 249 lei \/ zi \u00een extra-sezon (16.09 &#8211; 31.05) Perioada de \u00eenchiriere este de minim 3 zile. Indiferent de perioada aleas\u0103 \u0219i de durata \u00eenchirierii, la pre\u021bul \u00eenchirierii se adaug\u0103&hellip; <a class=\"more-link\" href=\"https:\/\/stage.inchiriere-rulota.ro\/hu\/conditii-de-inchiriere\/\"><span class=\"screen-reader-text\">B\u00e9rl\u00e9si felt\u00e9telek<\/span> olvas\u00e1s\u00e1nak folytat\u00e1sa<\/a><\/p>","protected":false},"author":1,"featured_media":0,"parent":0,"menu_order":0,"comment_status":"closed","ping_status":"closed","template":"elementor_header_footer","meta":{"_acf_changed":false,"footnotes":""},"class_list":["post-870","page","type-page","status-publish","hentry","entry"],"acf":[],"_links":{"self":[{"href":"https:\/\/stage.inchiriere-rulota.ro\/hu\/wp-json\/wp\/v2\/pages\/870","targetHints":{"allow":["GET"]}}],"collection":[{"href":"https:\/\/stage.inchiriere-rulota.ro\/hu\/wp-json\/wp\/v2\/pages"}],"about":[{"href":"https:\/\/stage.inchiriere-rulota.ro\/hu\/wp-json\/wp\/v2\/types\/page"}],"author":[{"embeddable":true,"href":"https:\/\/stage.inchiriere-rulota.ro\/hu\/wp-json\/wp\/v2\/users\/1"}],"replies":[{"embeddable":true,"href":"https:\/\/stage.inchiriere-rulota.ro\/hu\/wp-json\/wp\/v2\/comments?post=870"}],"version-history":[{"count":6,"href":"https:\/\/stage.inchiriere-rulota.ro\/hu\/wp-json\/wp\/v2\/pages\/870\/revisions"}],"predecessor-version":[{"id":1885,"href":"https:\/\/stage.inchiriere-rulota.ro\/hu\/wp-json\/wp\/v2\/pages\/870\/revisions\/1885"}],"wp:attachment":[{"href":"https:\/\/stage.inchiriere-rulota.ro\/hu\/wp-json\/wp\/v2\/media?parent=870"}],"curies":[{"name":"wp","href":"https:\/\/api.w.org\/{rel}","templated":true}]}}