{"id":996,"date":"2023-07-27T19:00:30","date_gmt":"2023-07-27T19:00:30","guid":{"rendered":"https:\/\/rv.polarmedia.ro\/?page_id=996"},"modified":"2023-07-27T19:12:39","modified_gmt":"2023-07-27T19:12:39","slug":"termeni-si-conditii","status":"publish","type":"page","link":"https:\/\/stage.inchiriere-rulota.ro\/hu\/termeni-si-conditii\/","title":{"rendered":"Felhaszn\u00e1l\u00e1si felt\u00e9telek"},"content":{"rendered":"<div data-elementor-type=\"wp-page\" data-elementor-id=\"996\" class=\"elementor elementor-996\" data-elementor-post-type=\"page\">\n\t\t\t\t<div class=\"elementor-element elementor-element-dd0c4a1 e-flex e-con-boxed e-con e-parent\" data-id=\"dd0c4a1\" data-element_type=\"container\" data-e-type=\"container\">\n\t\t\t\t\t<div class=\"e-con-inner\">\n\t\t\t\t<div class=\"elementor-element elementor-element-c3d9c74 elementor-widget elementor-widget-heading\" data-id=\"c3d9c74\" data-element_type=\"widget\" data-e-type=\"widget\" data-widget_type=\"heading.default\">\n\t\t\t\t<div class=\"elementor-widget-container\">\n\t\t\t\t\t<h2 class=\"elementor-heading-title elementor-size-default\">Felhaszn\u00e1l\u00e1si felt\u00e9telek<\/h2>\t\t\t\t<\/div>\n\t\t\t\t<\/div>\n\t\t\t\t<div class=\"elementor-element elementor-element-c886e65 elementor-widget elementor-widget-text-editor\" data-id=\"c886e65\" data-element_type=\"widget\" data-e-type=\"widget\" data-widget_type=\"text-editor.default\">\n\t\t\t\t<div class=\"elementor-widget-container\">\n\t\t\t\t\t\t\t\t\t<p><span style=\"background-color: var( --e-global-color-c696dce );\"><b>\u00c1ltal\u00e1nos Felhaszn\u00e1l\u00e1si Felt\u00e9telek az inchiriere-rulota.ro weboldal haszn\u00e1lat\u00e1hoz<\/b><\/span><\/p><p><b style=\"color: var( --e-global-color-text ); font-family: var( --e-global-typography-text-font-family ), Sans-serif; font-size: var( --e-global-typography-text-font-size ); font-style: var( --e-global-typography-text-font-style ); letter-spacing: var( --e-global-typography-text-letter-spacing ); text-transform: var( --e-global-typography-text-text-transform );\"><br><\/b><\/p><p><b style=\"color: var( --e-global-color-text ); font-family: var( --e-global-typography-text-font-family ), Sans-serif; font-size: var( --e-global-typography-text-font-size ); font-style: var( --e-global-typography-text-font-style ); letter-spacing: var( --e-global-typography-text-letter-spacing ); text-transform: var( --e-global-typography-text-text-transform );\">BEVEZET\u00c9S<\/b><br><\/p>\n<p><br><\/p>\n<p>Jelen \u00c1ltal\u00e1nos Felhaszn\u00e1l\u00e1si Felt\u00e9telek meghat\u00e1rozz\u00e1k az inchiriere-rulota.ro weboldal haszn\u00e1lat\u00e1nak felt\u00e9teleit a potenci\u00e1lis l\u00e1togat\u00f3k vagy \u00fcgyfelek r\u00e9sz\u00e9r\u0151l. A weboldalra val\u00f3 bel\u00e9p\u00e9ssel \u00e9s b\u00f6ng\u00e9sz\u00e9s\u00e9vel elfogadj\u00e1tok az al\u00e1bbi felhaszn\u00e1l\u00e1si felt\u00e9teleket.<\/p>\n<p><br><\/p>\n<p><b>A WEBOLDAL TARTALM\u00c1VAL KAPCSOLATOS JOGOK<\/b><\/p>\n<p><br><\/p>\n<p>Az ezen az oldalon tal\u00e1lhat\u00f3 \u00f6sszes inform\u00e1ci\u00f3, term\u00e9k vagy alkalmaz\u00e1s a SC INDUSTRIAL TIRES CENTER SRL tulajdon\u00e1t k\u00e9pezi, amely fenntartja a jogot az oldal tartalm\u00e1nak \u00e9s\/vagy szerkezet\u00e9nek b\u00e1rmikori \u00e9s el\u0151zetes \u00e9rtes\u00edt\u00e9s n\u00e9lk\u00fcli m\u00f3dos\u00edt\u00e1s\u00e1ra.<\/p>\n<p>Az inchiriere-rulota.ro weboldal teljes tartalma szerz\u0151i jogv\u00e9delem alatt \u00e1ll, minden jog fenntartva. Az oldal oldalainak, tartalm\u00e1nak \u00e9s bemutat\u00e1s\u00e1nak minden joga a SC INDUSTRIAL TIRES CENTER SRL tulajdon\u00e1ban \u00e1ll. Tilos m\u00e1solni, m\u00f3dos\u00edtani, megjelen\u00edteni, terjeszteni, tov\u00e1bb\u00edtani, k\u00f6zz\u00e9tenni, \u00e9rt\u00e9kes\u00edteni, licenszeltetni, sz\u00e1rmaz\u00e9kos anyagokat l\u00e9trehozni vagy a weboldal tartalm\u00e1t b\u00e1rmilyen c\u00e9lra felhaszn\u00e1lni a SC INDUSTRIAL TIRES CENTER SRL \u00edr\u00e1sos meger\u0151s\u00edt\u00e9se n\u00e9lk\u00fcl.<\/p>\n<p><br><\/p>\n<p><b>FELEL\u0150SS\u00c9G KIZ\u00c1R\u00c1SA<\/b><\/p>\n<p><br><\/p>\n<p>Az inform\u00e1ci\u00f3k tartalma bizonyos m\u00e9rt\u00e9k\u0171 le\u00edr\u00e1st tartalmaz a SC INDUSTRIAL TIRES CENTER SRL tev\u00e9kenys\u00e9geir\u0151l, term\u00e9keir\u0151l \u00e9s szolg\u00e1ltat\u00e1sair\u00f3l. A SC INDUSTRIAL TIRES CENTER SRL semmilyen garanci\u00e1t nem v\u00e1llal:<\/p>\n<p><span style=\"color: var( --e-global-color-text ); font-family: var( --e-global-typography-text-font-family ), Sans-serif; font-size: var( --e-global-typography-text-font-size ); font-style: var( --e-global-typography-text-font-style ); font-weight: var( --e-global-typography-text-font-weight ); letter-spacing: var( --e-global-typography-text-letter-spacing ); text-transform: var( --e-global-typography-text-text-transform ); background-color: var( --e-global-color-c696dce );\"><br><\/span><\/p>\n<p><span style=\"color: var( --e-global-color-text ); font-family: var( --e-global-typography-text-font-family ), Sans-serif; font-size: var( --e-global-typography-text-font-size ); font-style: var( --e-global-typography-text-font-style ); font-weight: var( --e-global-typography-text-font-weight ); letter-spacing: var( --e-global-typography-text-letter-spacing ); text-transform: var( --e-global-typography-text-text-transform ); background-color: var( --e-global-color-c696dce );\">\u2013 ker\u00fclj\u00fck a felesleges vagy megszak\u00edtott weboldal haszn\u00e1lat\u00e1t;<\/span><\/p>\n<p class=\"translation-block\">\u2013 ne legyen negat\u00edv hat\u00e1sa m\u00e1s rendszerekre a weboldal haszn\u00e1lat\u00e1val;<br>\n\u2013 a weboldalon el\u00e9rhet\u0151 v\u00edrusok vagy m\u00e1s \u00f6sszetev\u0151k hi\u00e1nya, amelyek k\u00e1rt okozhatnak a felhaszn\u00e1l\u00f3knak.<\/p>\n<p><br><\/p>\n<p>\u00cdgy a SC INDUSTRIAL TIRES CENTER SRL nem felel\u0151s semmilyen k\u00f6zvetlen vagy k\u00f6zvetett k\u00e1r\u00e9rt, amely a weboldal haszn\u00e1lat\u00e1b\u00f3l ered.<\/p>\n<p><br><\/p>\n<p>Az SC INDUSTRIAL TIRES CENTER SRL szolg\u00e1ltat\u00e1sai, \u00e1rai, inform\u00e1ci\u00f3i, marketing kamp\u00e1nyai \u00e9s prom\u00f3ci\u00f3i, m\u0171szaki jellemz\u0151kkel kapcsolatos minden inform\u00e1ci\u00f3 az oldalon t\u00e1j\u00e9koztat\u00f3 jelleg\u0171.<\/p>\n<p><br><\/p>\n<p>Az inchiriere-rulota.ro weboldal tartalma semmilyen form\u00e1ban nem tekinthet\u0151 k\u00f6telez\u0151 aj\u00e1nlatt\u00e9telnek vagy szerz\u0151d\u00e9sk\u00f6t\u00e9snek, \u00e9s nem vonhatja felel\u0151ss\u00e9gre az SC INDUSTRIAL TIRES CENTER SRL-t a k\u00e9s\u0151bbi egyezs\u00e9gek hi\u00e1ny\u00e1ban.<\/p>\n<p><br><\/p>\n<p><b>A WEBOLDAL TARTALM\u00c1NAK C\u00c9LJA<\/b><\/p>\n<p><br><\/p>\n<p>A weboldal tartalm\u00e1nak c\u00e9lja aktu\u00e1lis \u00e9s pontos inform\u00e1ci\u00f3k k\u00f6zvet\u00edt\u00e9se.<\/p>\n<p>Az SC INDUSTRIAL TIRES CENTER SRL nem garant\u00e1lja, hogy a jelen oldalak hib\u00e1kt\u00f3l mentesek, \u00e9s biztos\u00edtja, hogy minden gondoss\u00e1got megtesz a helyes inform\u00e1ci\u00f3k k\u00f6zvet\u00edt\u00e9se \u00e9s esetleges hib\u00e1k jav\u00edt\u00e1sa \u00e9rdek\u00e9ben.<\/p>\n<p><br><\/p>\n<p>Minden szem\u00e9lynek, aki az oldalon bemutatott szolg\u00e1ltat\u00e1sok vagy term\u00e9kek k\u00f6z\u00fcl valamelyiket ig\u00e9nybe k\u00edv\u00e1nja venni, azt k\u00e9rik, hogy l\u00e9pjen kapcsolatba az SC INDUSTRIAL TIRES CENTER SRL-lel az oldal Kapcsolat men\u00fcpontj\u00e1ban felt\u00fcntetett el\u00e9rhet\u0151s\u00e9gek egyik\u00e9n, hogy t\u00e1j\u00e9koz\u00f3dhasson a sz\u00f3ban forg\u00f3 szolg\u00e1ltat\u00e1s vagy term\u00e9k el\u00e9rhet\u0151s\u00e9g\u00e9r\u0151l, a szerz\u0151d\u00e9si felt\u00e9telekr\u0151l, \u00e1rakr\u00f3l \u00e9s technikai vagy m\u00e1s inform\u00e1ci\u00f3kr\u00f3l.<\/p>\n<p><br><\/p>\n<p><b>SZEM\u00c9LYES INFORM\u00c1CI\u00d3K<\/b><\/p>\n<p><br><\/p>\n<p>Amikor ezen a weboldalon kereszt\u00fcl inform\u00e1ci\u00f3kat k\u00e9rnek \u00d6nt\u0151l, ez a c\u00e9l az azonos\u00edt\u00e1s\u00e1ra vagy el\u00e9rhet\u0151s\u00e9g\u00e9nek biztos\u00edt\u00e1s\u00e1ra szolg\u00e1l. Ez k\u00fcl\u00f6n\u00f6sen fontos az oldalon el\u00e9rhet\u0151 alkalmaz\u00e1sok haszn\u00e1lata eset\u00e9n.<\/p>\n<p><br><\/p>\n<p>A k\u00e9rt inform\u00e1ci\u00f3k jellege k\u00fcl\u00f6n\u00f6sen szem\u00e9lyes adatokra vonatkozhatnak (n\u00e9v, c\u00edm, telefonsz\u00e1mok), e-mail c\u00edmre, az SC INDUSTRIAL TIRES CENTER SRL term\u00e9keinek \u00e9s \/ vagy szolg\u00e1ltat\u00e1sainak haszn\u00e1lat\u00e1ra vagy tervezett haszn\u00e1lat\u00e1ra vonatkoz\u00f3 inform\u00e1ci\u00f3kra, de m\u00e1s, a k\u00e9rt szolg\u00e1ltat\u00e1sokkal \u00e9s \/ vagy term\u00e9kekkel szorosan \u00f6sszef\u00fcgg\u0151 inform\u00e1ci\u00f3kat is tartalmazhatnak.<\/p>\n<p><br><\/p>\n<p>A weboldal felhaszn\u00e1l\u00f3inak ig\u00e9nyeire \u00e9s k\u00e9rd\u00e9seire jobban v\u00e1laszolva az ezen a weboldalon kereszt\u00fcl k\u00e9rt inform\u00e1ci\u00f3kat elektronikusan t\u00e1roljuk \u00e9s feldolgozzuk.<\/p>\n<p><br><\/p>\n<p><b>KAPCSOLAT A WEBOLDAL L\u00c1TOGAT\u00d3IVAL<\/b><\/p>\n<p><br><\/p>\n<p>A weboldal l\u00e1togat\u00f3i kapcsolatot tudnak l\u00e9tes\u00edteni vel\u00fcnk az al\u00e1bbi m\u00f3dszerekkel: e-mail c\u00edm, telefonsz\u00e1m \u00e9s az oldalon tal\u00e1lhat\u00f3 \u0171rlapok seg\u00edts\u00e9g\u00e9vel.<\/p>\n<p>Ez a kapcsolatfelv\u00e9tel az\u00e9rt t\u00f6rt\u00e9nik, hogy inform\u00e1ci\u00f3kat k\u00e9rjen a term\u00e9keinkr\u0151l, aj\u00e1nlatot k\u00e9rjen t\u0151l\u00fcnk, konzult\u00e1ljon vel\u00fcnk k\u00fcl\u00f6nb\u00f6z\u0151 t\u00e9m\u00e1kr\u00f3l, ig\u00e9nybe vegye szolg\u00e1ltat\u00e1sainkat \u00e9s megk\u00f6nny\u00edtse a fizet\u00e9si folyamatot.<\/p>\n<p><br><\/p>\n<p>Az \u00e1ltaluk ind\u00edtott kapcsolatfelv\u00e9tel az \u00f6n beleegyez\u00e9s\u00e9t jelenti arra, hogy v\u00e1laszt kapjon, inform\u00e1ci\u00f3kat kapjon, fizet\u00e9si r\u00e9szleteket kapjon vagy b\u00e1rmilyen m\u00e1s k\u00e9rt inform\u00e1ci\u00f3t megkapjon.<\/p>\n<p><br><\/p>\n<p>Az els\u0151dleges kapcsolatfelv\u00e9tel ut\u00e1n a SC INDUSTRIAL TIRES CENTER SRL jogos \u00e9rdekk\u00e9nt meghat\u00e1rozza az \u00d6n\u00f6knek relev\u00e1ns k\u00e9s\u0151bbi inform\u00e1ci\u00f3k tov\u00e1bb\u00edt\u00e1s\u00e1t \u00e9s kommunik\u00e1l\u00e1s\u00e1t, amelyek nem h\u00edrlev\u00e9l jelleg\u0171ek. Ezek az inform\u00e1ci\u00f3k a term\u00e9keink jav\u00edt\u00e1sa, az \u00d6n\u00f6k seg\u00edts\u00e9g\u00e9re szolg\u00e1l\u00f3 \u00faj term\u00e9kek bevezet\u00e9se vagy a besz\u00e9lget\u00e9s t\u00e9m\u00e1j\u00e1val kapcsolatos k\u00e9rd\u00e9sek miatt jelenhetnek meg.<\/p>\n<p><br><\/p>\n<p>Ebben az \u00f6sszef\u00fcgg\u00e9sben a SC INDUSTRIAL TIRES CENTER SRL meg\u00e1llap\u00edtott egy \u00e9sszer\u0171 id\u0151tartamot a k\u00e9s\u0151bbi feldolgoz\u00e1sra, 18 h\u00f3napig a kommunik\u00e1ci\u00f3 kezdet\u00e9t\u0151l sz\u00e1m\u00edtva.<\/p>\n<p><br><\/p>\n<p><b>LINKEK M\u00c1S WEBOLDALAKRA<\/b><\/p>\n<p><br><\/p>\n<p>A jelen weboldal tartalmazhat linkeket vagy hivatkoz\u00e1sokat m\u00e1s weboldalakra, amelyeket a SC INDUSTRIAL TIRES CENTER SRL hasznosnak tal\u00e1l az itt tal\u00e1lhat\u00f3 tartalomhoz kapcsol\u00f3d\u00f3an, de amelyek nem esnek az \u0151 ir\u00e1ny\u00edt\u00e1sa vagy fel\u00fcgyelete al\u00e1. Ezeknek a linkeknek vagy hivatkoz\u00e1soknak haszn\u00e1latakor az adott weboldalak megfelel\u0151 \u00e1ltal\u00e1nos felhaszn\u00e1l\u00e1si felt\u00e9telei fognak \u00e9rv\u00e9nyes\u00fclni.<\/p>\n<p>A SC INDUSTRIAL TIRES CENTER SRL nem garant\u00e1lhatja\/ellen\u0151rizheti a weboldal\u00e1n hivatkozott harmadik felek weboldalainak aktualit\u00e1s\u00e1t\/pontoss\u00e1g\u00e1t.<\/p>\n<p><br><\/p>\n<p><b>AZ OLDAL \u00c1LTAL K\u00d6Z\u00d6LT INFORM\u00c1CI\u00d3K<\/b><\/p>\n<p><br><\/p>\n<p>B\u00e1rki, aki megl\u00e1togatja az inchiriere-rulota.ro weboldalt, \u00e9s szem\u00e9lyes adatokat vagy inform\u00e1ci\u00f3kat ny\u00fajt ezen kereszt\u00fcl, kifejezetten \u00e9s hat\u00e1rozottan beleegyezik az al\u00e1bbiakra: a SC INDUSTRIAL TIRES CENTER SRL \u00e1ltal v\u00e9gzett szem\u00e9lyes adatok \u00e9s inform\u00e1ci\u00f3k feldolgoz\u00e1sa a piackutat\u00e1si tanulm\u00e1nyok c\u00e9lj\u00e1b\u00f3l; a marketingtev\u00e9kenys\u00e9gekhez kapcsol\u00f3d\u00f3 prom\u00f3ci\u00f3s anyagok tov\u00e1bb\u00edt\u00e1sa; a SC INDUSTRIAL TIRES CENTER SRL \u00e1ltal kezelt k\u00e9relmek, k\u00e9rd\u00e9sek \u00e9s panaszok kezel\u00e9se (ld. az oldalon tal\u00e1lhat\u00f3 Kapcsolat r\u00e9szt); m\u00e1s, a SC INDUSTRIAL TIRES CENTER SRL \u00e1ltal v\u00e9gzett, a t\u00f6rv\u00e9ny \u00e1ltal enged\u00e9lyezett tev\u00e9kenys\u00e9gek, amelyek nem ig\u00e9nyelnek k\u00fcl\u00f6n j\u00f3v\u00e1hagy\u00e1st a c\u00edmzett\u0151l.<\/p>\n<p><br><\/p>\n<p>SC INDUSTRIAL TIRES CENTER SRL bizalmasan kezeli ezeket az inform\u00e1ci\u00f3kat.<\/p>\n<p><span style=\"color: var( --e-global-color-text ); font-family: var( --e-global-typography-text-font-family ), Sans-serif; font-size: var( --e-global-typography-text-font-size ); font-style: var( --e-global-typography-text-font-style ); font-weight: var( --e-global-typography-text-font-weight ); letter-spacing: var( --e-global-typography-text-letter-spacing ); text-transform: var( --e-global-typography-text-text-transform ); background-color: var( --e-global-color-c696dce );\"><br><\/span><\/p>\n<p><span style=\"color: var( --e-global-color-text ); font-family: var( --e-global-typography-text-font-family ), Sans-serif; font-size: var( --e-global-typography-text-font-size ); font-style: var( --e-global-typography-text-font-style ); font-weight: var( --e-global-typography-text-font-weight ); letter-spacing: var( --e-global-typography-text-letter-spacing ); text-transform: var( --e-global-typography-text-text-transform ); background-color: var( --e-global-color-c696dce );\">Tov\u00e1bbi haszn\u00e1lat\u00e1val az oldalnak, kifejezetten \u00e9s k\u00e9ts\u00e9get kiz\u00e1r\u00f3an hozz\u00e1j\u00e1rul a szem\u00e9lyes adatok v\u00e9delm\u00e9vel \u00e9s szabad mozg\u00e1s\u00e1val kapcsolatos GDPR ir\u00e1nyelveknek megfelel\u0151en t\u00f6rt\u00e9n\u0151 feldolgoz\u00e1shoz.<\/span><\/p>\n<p><br><\/p>\n<p>B\u00e1rmilyen k\u00e9rd\u00e9s vagy bizonytalans\u00e1g eset\u00e9n az oldal haszn\u00e1lat\u00e1val \u00e9s az adatv\u00e9delemmel kapcsolatos jogai gyakorl\u00e1s\u00e1val kapcsolatban, k\u00e9rj\u00fck, l\u00e9pjen kapcsolatba vel\u00fcnk az oldal Kapcsolat men\u00fcpontj\u00e1n kereszt\u00fcl.<\/p>\t\t\t\t\t\t\t\t<\/div>\n\t\t\t\t<\/div>\n\t\t\t\t\t<\/div>\n\t\t\t\t<\/div>\n\t\t\t\t<\/div>","protected":false},"excerpt":{"rendered":"<p>Termeni \u0219i condi\u021bii Condi\u0163ii Generale pentru utilizarea site-ului inchiriere-rulota.ro INTRODUCERE Prezentele Condi\u0163ii Generale definesc condi\u0163iile de utilizare a site-ului inchiriere-rulota.ro de c\u0103tre poten\u0163ialii vizitatori sau clien\u0163i. Acces\u00e2nd \u015fi navig\u00e2nd pe acest site, accepta\u0163i termenii de utilizare descri\u015fi \u00een continuare. DREPTURILE ASUPRA CON\u0162INUTULUI SITE-ULUI Toate informa\u0163iile, produsele sau aplica\u0163iile con\u0163inute \u00een acest site sunt proprietatea SC&hellip; <a class=\"more-link\" href=\"https:\/\/stage.inchiriere-rulota.ro\/hu\/termeni-si-conditii\/\"><span class=\"screen-reader-text\">Felhaszn\u00e1l\u00e1si felt\u00e9telek<\/span> olvas\u00e1s\u00e1nak folytat\u00e1sa<\/a><\/p>","protected":false},"author":1,"featured_media":0,"parent":0,"menu_order":0,"comment_status":"closed","ping_status":"closed","template":"elementor_header_footer","meta":{"_acf_changed":false,"footnotes":""},"class_list":["post-996","page","type-page","status-publish","hentry","entry"],"acf":[],"_links":{"self":[{"href":"https:\/\/stage.inchiriere-rulota.ro\/hu\/wp-json\/wp\/v2\/pages\/996","targetHints":{"allow":["GET"]}}],"collection":[{"href":"https:\/\/stage.inchiriere-rulota.ro\/hu\/wp-json\/wp\/v2\/pages"}],"about":[{"href":"https:\/\/stage.inchiriere-rulota.ro\/hu\/wp-json\/wp\/v2\/types\/page"}],"author":[{"embeddable":true,"href":"https:\/\/stage.inchiriere-rulota.ro\/hu\/wp-json\/wp\/v2\/users\/1"}],"replies":[{"embeddable":true,"href":"https:\/\/stage.inchiriere-rulota.ro\/hu\/wp-json\/wp\/v2\/comments?post=996"}],"version-history":[{"count":0,"href":"https:\/\/stage.inchiriere-rulota.ro\/hu\/wp-json\/wp\/v2\/pages\/996\/revisions"}],"wp:attachment":[{"href":"https:\/\/stage.inchiriere-rulota.ro\/hu\/wp-json\/wp\/v2\/media?parent=996"}],"curies":[{"name":"wp","href":"https:\/\/api.w.org\/{rel}","templated":true}]}}